{"id":758,"date":"2021-07-12T12:26:07","date_gmt":"2021-07-12T10:26:07","guid":{"rendered":"https:\/\/6s.rs\/vila\/kontakt\/"},"modified":"2023-05-31T22:39:30","modified_gmt":"2023-05-31T20:39:30","slug":"contact","status":"publish","type":"page","link":"https:\/\/arhiva.vilapalas.com\/en\/contact\/","title":{"rendered":"CONTACT"},"content":{"rendered":"<div class=\"jas-container contact-info-page\">\n<div class=\"jas-row\">\n<div class=\"jas-col-md-4 jas-col-sm-4 jas-col-xs-12\">\n<i class=\"fa-thin fa-location-dot\"><\/i> Milo\u0161a Obili\u0107a 9, 36210 Vrnja\u010dka Banja\n<\/div>\n<div class=\"jas-col-md-4 jas-col-sm-4 jas-col-xs-12\">\n<a href=\"tel:+381 62 938 2 398\" target=\"_blank\" rel=\"noopener\"><i class=\"fa-thin fa-phone\"><\/i> +381 62 938 2 398<\/a>\n<\/div>\n<div class=\"jas-col-md-4 jas-col-sm-4 jas-col-xs-12\">\n<a href=\"mailto:info@vilapalas.com\" rel=\"noopener\" target=\"_blank\"><i class=\"fa-thin fa-envelope\"><\/i> info@vilapalas.com<\/a>\n<\/div>\n<\/div>\n<\/div>\n<div id=\"map\"><\/div>\n","protected":false},"excerpt":{"rendered":"<p>Milo\u0161a Obili\u0107a 9, 36210 Vrnja\u010dka Banja +381 62 938 2 398 info@vilapalas.com<\/p>\n","protected":false},"author":1,"featured_media":689,"parent":0,"menu_order":0,"comment_status":"closed","ping_status":"closed","template":"page-kontakt.php","meta":{"footnotes":""},"class_list":["post-758","page","type-page","status-publish","has-post-thumbnail","hentry"],"acf":[],"_links":{"self":[{"href":"https:\/\/arhiva.vilapalas.com\/en\/wp-json\/wp\/v2\/pages\/758","targetHints":{"allow":["GET"]}}],"collection":[{"href":"https:\/\/arhiva.vilapalas.com\/en\/wp-json\/wp\/v2\/pages"}],"about":[{"href":"https:\/\/arhiva.vilapalas.com\/en\/wp-json\/wp\/v2\/types\/page"}],"author":[{"embeddable":true,"href":"https:\/\/arhiva.vilapalas.com\/en\/wp-json\/wp\/v2\/users\/1"}],"replies":[{"embeddable":true,"href":"https:\/\/arhiva.vilapalas.com\/en\/wp-json\/wp\/v2\/comments?post=758"}],"version-history":[{"count":4,"href":"https:\/\/arhiva.vilapalas.com\/en\/wp-json\/wp\/v2\/pages\/758\/revisions"}],"predecessor-version":[{"id":1040,"href":"https:\/\/arhiva.vilapalas.com\/en\/wp-json\/wp\/v2\/pages\/758\/revisions\/1040"}],"wp:featuredmedia":[{"embeddable":true,"href":"https:\/\/arhiva.vilapalas.com\/en\/wp-json\/wp\/v2\/media\/689"}],"wp:attachment":[{"href":"https:\/\/arhiva.vilapalas.com\/en\/wp-json\/wp\/v2\/media?parent=758"}],"curies":[{"name":"wp","href":"https:\/\/api.w.org\/{rel}","templated":true}]}}