{"id":756,"date":"2022-12-17T18:34:15","date_gmt":"2022-12-17T17:34:15","guid":{"rendered":"https:\/\/6s.rs\/vila\/o-vili-palas\/"},"modified":"2023-05-31T22:11:02","modified_gmt":"2023-05-31T20:11:02","slug":"about-vila-palas","status":"publish","type":"page","link":"https:\/\/arhiva.vilapalas.com\/en\/about-vila-palas\/","title":{"rendered":"ABOUT VILA PALAS"},"content":{"rendered":"<div class=\"jas-container section-photo\">\n<div class=\"jas-row\">\n<div class=\"jas-col-md-6 jas-col-sm-6 jas-col-xs-12 flex\">\n<div class=\"align-self-center\">\n<div class=\"naslov-g\">\n<h2>The history of<\/h2>\n<h3>Vila Palas<\/h3>\n<\/div>\n<p>Vila Palas in Vrnja\u010dka Banja, an immovable cultural property under the protection of the cultural heritage of Serbia, is located in the heart of the city, at Milo\u0161a Obili\u0107a Street 9 and was built between 1924 and 1926 for Natalija Petrovi\u0107, nicknamed Talka. Natalija&#8217;s husband was the prefect of Smederevska Palanka before World War I and participated in the battles during the war together with their eldest son; after the retreat of the Serbian army through Albania (November-December 1915), he arrived in Algeria, where he died near the end of the war.<\/p>\n<p>After the war, Talka bought a plot of land on which one of the largest buildings in the area was built, a guesthouse with 15 rooms, a large terrace, a large kitchen and a restaurant. Vila Palas is the project of an engineer from Vrnja\u010dka Banja who was a &#8220;White Russian&#8221;, Gamalejev, inspired by a postcard from Algeria: he designed Vila Palas in the spirit of neoclassicism typical of the French colonies in North Africa; the works were performed by the contractor Ilija Stojanovi\u0107. This building, with a rectangular floor plan and an academic design, is characterized by symmetry, which is emphasized by the two lateral projections on the main facade. Symmetry is also emphasized by architectural elements such as semicircular openings on the ground floor that match the rectangular openings on the second floor. The brick walls rest on a stone base. The facade is in an elegant yellow color, and the whole monumental building is reminiscent of hotels and guesthouses in Opatija.<\/p>\n<p>The two lateral avant-corps have semicircular first-floor balconies with wrought-iron balustrades; other decorative elements from that period have been preserved, such as the molded roof cornice. Many famous people have stayed in this guesthouse, the most famous of which is the actress \u017danka Stoki\u0107 (1887-1947), often considered the &#8220;Serbian Sarah Bernard&#8221;.<\/p>\n<\/div>\n<\/div>\n<div class=\"jas-col-md-6 jas-col-sm-6 jas-col-xs-12 flex\">\n<div class=\"align-self-center\">\n<img decoding=\"async\" src=\"https:\/\/vilapalas.com\/files\/2023\/02\/vila-palas-03.png\" alt=\"Vila Palas\">\n<\/div>\n<\/div>\n<\/div>\n<\/div>\n<div id='gallery-1' class='gallery galleryid-756 gallery-columns-3 gallery-size-thumbnail'><figure class='gallery-item'>\n\t\t\t<div class='gallery-icon landscape'>\n\t\t\t\t<a href='https:\/\/arhiva.vilapalas.com\/en\/about-vila-palas\/vila-palas-unutra-08-2\/'><img loading=\"lazy\" decoding=\"async\" width=\"150\" height=\"150\" src=\"https:\/\/arhiva.vilapalas.com\/files\/2022\/12\/vila-palas-unutra-08-150x150.jpg\" class=\"attachment-thumbnail size-thumbnail\" alt=\"\" \/><\/a>\n\t\t\t<\/div><\/figure><figure class='gallery-item'>\n\t\t\t<div class='gallery-icon landscape'>\n\t\t\t\t<a href='https:\/\/arhiva.vilapalas.com\/en\/about-vila-palas\/vila-palas-unutra-07-2\/'><img loading=\"lazy\" decoding=\"async\" width=\"150\" height=\"150\" src=\"https:\/\/arhiva.vilapalas.com\/files\/2022\/12\/vila-palas-unutra-07-150x150.jpg\" class=\"attachment-thumbnail size-thumbnail\" alt=\"\" \/><\/a>\n\t\t\t<\/div><\/figure><figure class='gallery-item'>\n\t\t\t<div class='gallery-icon landscape'>\n\t\t\t\t<a href='https:\/\/arhiva.vilapalas.com\/en\/about-vila-palas\/vila-palas-unutra-06-2\/'><img loading=\"lazy\" decoding=\"async\" width=\"150\" height=\"150\" src=\"https:\/\/arhiva.vilapalas.com\/files\/2022\/12\/vila-palas-unutra-06-150x150.jpg\" class=\"attachment-thumbnail size-thumbnail\" alt=\"\" \/><\/a>\n\t\t\t<\/div><\/figure><figure class='gallery-item'>\n\t\t\t<div class='gallery-icon landscape'>\n\t\t\t\t<a href='https:\/\/arhiva.vilapalas.com\/en\/about-vila-palas\/vila-palas-unutra-05-2\/'><img loading=\"lazy\" decoding=\"async\" width=\"150\" height=\"150\" src=\"https:\/\/arhiva.vilapalas.com\/files\/2022\/12\/vila-palas-unutra-05-150x150.jpg\" class=\"attachment-thumbnail size-thumbnail\" alt=\"\" \/><\/a>\n\t\t\t<\/div><\/figure><figure class='gallery-item'>\n\t\t\t<div class='gallery-icon landscape'>\n\t\t\t\t<a href='https:\/\/arhiva.vilapalas.com\/en\/about-vila-palas\/vila-palas-unutra-04-2\/'><img loading=\"lazy\" decoding=\"async\" width=\"150\" height=\"150\" src=\"https:\/\/arhiva.vilapalas.com\/files\/2022\/12\/vila-palas-unutra-04-150x150.jpg\" class=\"attachment-thumbnail size-thumbnail\" alt=\"\" \/><\/a>\n\t\t\t<\/div><\/figure><figure class='gallery-item'>\n\t\t\t<div class='gallery-icon landscape'>\n\t\t\t\t<a href='https:\/\/arhiva.vilapalas.com\/en\/about-vila-palas\/vila-palas-unutra-03-2\/'><img loading=\"lazy\" decoding=\"async\" width=\"150\" height=\"150\" src=\"https:\/\/arhiva.vilapalas.com\/files\/2022\/12\/vila-palas-unutra-03-150x150.jpg\" class=\"attachment-thumbnail size-thumbnail\" alt=\"\" \/><\/a>\n\t\t\t<\/div><\/figure><figure class='gallery-item'>\n\t\t\t<div class='gallery-icon landscape'>\n\t\t\t\t<a href='https:\/\/arhiva.vilapalas.com\/en\/about-vila-palas\/vila-palas-unutra-02-2\/'><img loading=\"lazy\" decoding=\"async\" width=\"150\" height=\"150\" src=\"https:\/\/arhiva.vilapalas.com\/files\/2022\/12\/vila-palas-unutra-02-150x150.jpg\" class=\"attachment-thumbnail size-thumbnail\" alt=\"\" \/><\/a>\n\t\t\t<\/div><\/figure><figure class='gallery-item'>\n\t\t\t<div class='gallery-icon landscape'>\n\t\t\t\t<a href='https:\/\/arhiva.vilapalas.com\/en\/about-vila-palas\/vila-palas-unutra-01-2\/'><img loading=\"lazy\" decoding=\"async\" width=\"150\" height=\"150\" src=\"https:\/\/arhiva.vilapalas.com\/files\/2022\/12\/vila-palas-unutra-01-150x150.jpg\" class=\"attachment-thumbnail size-thumbnail\" alt=\"\" \/><\/a>\n\t\t\t<\/div><\/figure>\n\t\t<\/div>\n\n<div class=\"jas-container section-photo\">\n<div class=\"jas-row\">\n<div class=\"jas-col-md-12 jas-col-sm-12 jas-col-xs-12 flex\">\n<div class=\"align-self-center\">\n<div class=\"naslov-g naslov-g-tc\">\n<h2>Interweaving of past and present, as in a fairy tale<\/h2>\n<h3>VILA PALAS VRNJA\u010cKA BANJA<\/h3>\n<\/div>\n<p>Vila Palas, with its modernly equipped space and comfortable ambience, will complete your pleasant experience of the largest natural oasis in this part of Serbia.<\/p>\n<p>Vila Palas captivates guests with its refinement and stands proudly as a monument of past times, as a safe keeper of old memories but also as a tailor of new ones.<\/p>\n<p>The villa is located in the tourist center of one of the most beautiful spas in Serbia. The promenade, the central town square and other sights of Vrnja\u010dka Banja are located just a few streets away from the villa. Vila Palas is located in a beautiful environment, where nature refreshes and heals with clean air and beneficial mineral waters, only 205 km from Belgrade, 125 km from Ni\u0161. Throughout the year, and especially during the summer tourist season, Vrnja\u010dka Banja offers its visitors an extremely rich, meaningful and varied cultural and entertainment program.<\/p>\n<\/div>\n<\/div>\n<\/div>\n<\/div>\n<div id='gallery-2' class='gallery galleryid-756 gallery-columns-3 gallery-size-thumbnail'><figure class='gallery-item'>\n\t\t\t<div class='gallery-icon landscape'>\n\t\t\t\t<a href='https:\/\/arhiva.vilapalas.com\/en\/about-vila-palas\/vila-palas-o-vili-palas-01-2\/'><img loading=\"lazy\" decoding=\"async\" width=\"150\" height=\"150\" src=\"https:\/\/arhiva.vilapalas.com\/files\/2022\/12\/vila-palas-o-vili-palas-01-150x150.jpg\" class=\"attachment-thumbnail size-thumbnail\" alt=\"\" \/><\/a>\n\t\t\t<\/div><\/figure><figure class='gallery-item'>\n\t\t\t<div class='gallery-icon landscape'>\n\t\t\t\t<a href='https:\/\/arhiva.vilapalas.com\/en\/about-vila-palas\/vila-palas-o-vili-palas-02-2\/'><img loading=\"lazy\" decoding=\"async\" width=\"150\" height=\"150\" src=\"https:\/\/arhiva.vilapalas.com\/files\/2022\/12\/vila-palas-o-vili-palas-02-150x150.jpg\" class=\"attachment-thumbnail size-thumbnail\" alt=\"\" \/><\/a>\n\t\t\t<\/div><\/figure><figure class='gallery-item'>\n\t\t\t<div class='gallery-icon landscape'>\n\t\t\t\t<a href='https:\/\/arhiva.vilapalas.com\/en\/about-vila-palas\/vila-palas-o-vili-palas-03-2\/'><img loading=\"lazy\" decoding=\"async\" width=\"150\" height=\"150\" src=\"https:\/\/arhiva.vilapalas.com\/files\/2022\/12\/vila-palas-o-vili-palas-03-150x150.jpg\" class=\"attachment-thumbnail size-thumbnail\" alt=\"\" \/><\/a>\n\t\t\t<\/div><\/figure><figure class='gallery-item'>\n\t\t\t<div class='gallery-icon landscape'>\n\t\t\t\t<a href='https:\/\/arhiva.vilapalas.com\/en\/about-vila-palas\/vila-palas-o-vili-palas-09-2\/'><img loading=\"lazy\" decoding=\"async\" width=\"150\" height=\"150\" src=\"https:\/\/arhiva.vilapalas.com\/files\/2022\/12\/vila-palas-o-vili-palas-09-150x150.jpg\" class=\"attachment-thumbnail size-thumbnail\" alt=\"\" \/><\/a>\n\t\t\t<\/div><\/figure><figure class='gallery-item'>\n\t\t\t<div class='gallery-icon landscape'>\n\t\t\t\t<a href='https:\/\/arhiva.vilapalas.com\/en\/about-vila-palas\/vila-palas-o-vili-palas-05-2\/'><img loading=\"lazy\" decoding=\"async\" width=\"150\" height=\"150\" src=\"https:\/\/arhiva.vilapalas.com\/files\/2022\/12\/vila-palas-o-vili-palas-05-150x150.jpg\" class=\"attachment-thumbnail size-thumbnail\" alt=\"\" \/><\/a>\n\t\t\t<\/div><\/figure><figure class='gallery-item'>\n\t\t\t<div class='gallery-icon landscape'>\n\t\t\t\t<a href='https:\/\/arhiva.vilapalas.com\/en\/about-vila-palas\/vila-palas-o-vili-palas-15-2\/'><img loading=\"lazy\" decoding=\"async\" width=\"150\" height=\"150\" src=\"https:\/\/arhiva.vilapalas.com\/files\/2022\/12\/vila-palas-o-vili-palas-15-150x150.jpg\" class=\"attachment-thumbnail size-thumbnail\" alt=\"\" \/><\/a>\n\t\t\t<\/div><\/figure>\n\t\t<\/div>\n\n","protected":false},"excerpt":{"rendered":"<p>The history of Vila Palas Vila Palas in Vrnja\u010dka Banja, an immovable cultural property under the protection of the cultural heritage of Serbia, is located in the heart of the city, at Milo\u0161a Obili\u0107a Street 9 and was built between 1924 and 1926 for Natalija Petrovi\u0107, nicknamed Talka. Natalija&#8217;s husband was the prefect of Smederevska [&hellip;]<\/p>\n","protected":false},"author":1,"featured_media":688,"parent":0,"menu_order":0,"comment_status":"closed","ping_status":"closed","template":"page-ovili.php","meta":{"footnotes":""},"class_list":["post-756","page","type-page","status-publish","has-post-thumbnail","hentry"],"acf":[],"_links":{"self":[{"href":"https:\/\/arhiva.vilapalas.com\/en\/wp-json\/wp\/v2\/pages\/756","targetHints":{"allow":["GET"]}}],"collection":[{"href":"https:\/\/arhiva.vilapalas.com\/en\/wp-json\/wp\/v2\/pages"}],"about":[{"href":"https:\/\/arhiva.vilapalas.com\/en\/wp-json\/wp\/v2\/types\/page"}],"author":[{"embeddable":true,"href":"https:\/\/arhiva.vilapalas.com\/en\/wp-json\/wp\/v2\/users\/1"}],"replies":[{"embeddable":true,"href":"https:\/\/arhiva.vilapalas.com\/en\/wp-json\/wp\/v2\/comments?post=756"}],"version-history":[{"count":4,"href":"https:\/\/arhiva.vilapalas.com\/en\/wp-json\/wp\/v2\/pages\/756\/revisions"}],"predecessor-version":[{"id":1032,"href":"https:\/\/arhiva.vilapalas.com\/en\/wp-json\/wp\/v2\/pages\/756\/revisions\/1032"}],"wp:featuredmedia":[{"embeddable":true,"href":"https:\/\/arhiva.vilapalas.com\/en\/wp-json\/wp\/v2\/media\/688"}],"wp:attachment":[{"href":"https:\/\/arhiva.vilapalas.com\/en\/wp-json\/wp\/v2\/media?parent=756"}],"curies":[{"name":"wp","href":"https:\/\/api.w.org\/{rel}","templated":true}]}}