{"id":753,"date":"2022-12-17T18:34:53","date_gmt":"2022-12-17T17:34:53","guid":{"rendered":"https:\/\/6s.rs\/vila\/vrnjacka-banja\/"},"modified":"2023-05-31T22:41:10","modified_gmt":"2023-05-31T20:41:10","slug":"vrnjacka-banja","status":"publish","type":"page","link":"https:\/\/arhiva.vilapalas.com\/en\/vrnjacka-banja\/","title":{"rendered":"VRNJA\u010cKA BANJA"},"content":{"rendered":"<div class=\"jas-container section-photo\">\n<div class=\"jas-row\">\n<div class=\"jas-col-md-6 jas-col-sm-6 jas-col-xs-12 flex\">\n<div class=\"align-self-center\">\n<div class=\"naslov-g\">\n<h2>Vrnja\u010dka Banja<\/h2>\n<h3>VRNJA\u010cKA BANJA<\/h3>\n<\/div>\n<p>Known far and wide for its beauty, Vrnja\u010dka Banja, the queen of Serbian tourism, is located in the hilly areas of central Serbia, more precisely on the slopes of Mount Go\u010d, which hugs it on three sides: south, west and east.<\/p>\n<p>In the first half of the 19th century, Milo\u0161 Obrenovi\u0107, Prince of Serbia, built the Vrnja\u010dka Banja, which with its beautiful villas and aristocratic style, rivaled the most beautiful and best spas in Europe.<\/p>\n<p>In the immediate vicinity of Vrnja\u010dka Banja, as witnesses of Serbian identity, the famous medieval Serbian history and guardians of the Orthodox Christian faith, there are monasteries: \u017di\u010da, Studenica, Ljubostinja, as well as the Monastery of St. Petka in Stubal. If you head towards Mount Go\u010d, you will come across a piece of Paradise, the wonderful Church of the Assumption of the Mother of God in the idyllic village of Stani\u0161i\u0107i.<\/p>\n<\/div>\n<\/div>\n<div class=\"jas-col-md-6 jas-col-sm-6 jas-col-xs-12 flex\">\n<div class=\"align-self-center\">\n<img decoding=\"async\" src=\"https:\/\/vilapalas.com\/files\/2022\/12\/vila-palas-vrnjacka-banja-00.png\" alt=\"Vila Palas\">\n<\/div>\n<\/div>\n<\/div>\n<\/div>\n<div id='gallery-1' class='gallery galleryid-753 gallery-columns-3 gallery-size-thumbnail'><figure class='gallery-item'>\n\t\t\t<div class='gallery-icon landscape'>\n\t\t\t\t<a href='https:\/\/arhiva.vilapalas.com\/en\/vrnjacka-banja\/manastir-zica-2\/'><img loading=\"lazy\" decoding=\"async\" width=\"150\" height=\"150\" src=\"https:\/\/arhiva.vilapalas.com\/files\/2023\/02\/manastir-zica-150x150.jpg\" class=\"attachment-thumbnail size-thumbnail\" alt=\"\" aria-describedby=\"gallery-1-728\" \/><\/a>\n\t\t\t<\/div>\n\t\t\t\t<figcaption class='wp-caption-text gallery-caption' id='gallery-1-728'>\n\t\t\t\tManastir \u017di\u010da\n\t\t\t\t<\/figcaption><\/figure><figure class='gallery-item'>\n\t\t\t<div class='gallery-icon landscape'>\n\t\t\t\t<a href='https:\/\/arhiva.vilapalas.com\/en\/vrnjacka-banja\/manastir-studenica-2\/'><img loading=\"lazy\" decoding=\"async\" width=\"150\" height=\"150\" src=\"https:\/\/arhiva.vilapalas.com\/files\/2023\/02\/manastir-studenica-150x150.jpg\" class=\"attachment-thumbnail size-thumbnail\" alt=\"\" aria-describedby=\"gallery-1-730\" \/><\/a>\n\t\t\t<\/div>\n\t\t\t\t<figcaption class='wp-caption-text gallery-caption' id='gallery-1-730'>\n\t\t\t\tManatir Studenica\n\t\t\t\t<\/figcaption><\/figure><figure class='gallery-item'>\n\t\t\t<div class='gallery-icon landscape'>\n\t\t\t\t<a href='https:\/\/arhiva.vilapalas.com\/en\/vrnjacka-banja\/manastir-ljubostinja-2\/'><img loading=\"lazy\" decoding=\"async\" width=\"150\" height=\"150\" src=\"https:\/\/arhiva.vilapalas.com\/files\/2023\/02\/manastir-ljubostinja-150x150.jpg\" class=\"attachment-thumbnail size-thumbnail\" alt=\"\" aria-describedby=\"gallery-1-729\" \/><\/a>\n\t\t\t<\/div>\n\t\t\t\t<figcaption class='wp-caption-text gallery-caption' id='gallery-1-729'>\n\t\t\t\tManatir Ljubostinja\n\t\t\t\t<\/figcaption><\/figure><figure class='gallery-item'>\n\t\t\t<div class='gallery-icon landscape'>\n\t\t\t\t<a href='https:\/\/arhiva.vilapalas.com\/en\/vrnjacka-banja\/manastir-svete-petke-2\/'><img loading=\"lazy\" decoding=\"async\" width=\"150\" height=\"150\" src=\"https:\/\/arhiva.vilapalas.com\/files\/2023\/02\/manastir-svete-petke-150x150.jpg\" class=\"attachment-thumbnail size-thumbnail\" alt=\"\" aria-describedby=\"gallery-1-731\" \/><\/a>\n\t\t\t<\/div>\n\t\t\t\t<figcaption class='wp-caption-text gallery-caption' id='gallery-1-731'>\n\t\t\t\tManastir Svete Petke u Stublu\n\t\t\t\t<\/figcaption><\/figure>\n\t\t<\/div>\n\n<div class=\"jas-container section-photo\">\n<div class=\"jas-row\">\n<div class=\"jas-col-md-12 jas-col-sm-12 jas-col-xs-12 flex\">\n<div class=\"align-self-center\">\n<div class=\"naslov-g naslov-g-tc\">\n<h2>Enjoy your vacation<\/h2>\n<h3>Vrnja\u010dka Banja today?<\/h3>\n<\/div>\n<p>Whether you are looking for peace, a slower pace of life, or you want fun, dancing, enjoying adventures, this spa will provide you with exactly the version of vacation you imagined. Thanks to the tradition and experience of 150 years, Vrnja\u010dka Banja has become an exceptional host to which all guests are happy to return.<\/p>\n<\/div>\n<\/div>\n<\/div>\n<\/div>\n<div id='gallery-2' class='gallery galleryid-753 gallery-columns-3 gallery-size-thumbnail'><figure class='gallery-item'>\n\t\t\t<div class='gallery-icon landscape'>\n\t\t\t\t<a href='https:\/\/arhiva.vilapalas.com\/en\/vrnjacka-banja\/vila-palas-vrnjacka-banja-10-3\/'><img loading=\"lazy\" decoding=\"async\" width=\"150\" height=\"150\" src=\"https:\/\/arhiva.vilapalas.com\/files\/2022\/12\/vila-palas-vrnjacka-banja-10-150x150.jpg\" class=\"attachment-thumbnail size-thumbnail\" alt=\"\" \/><\/a>\n\t\t\t<\/div><\/figure><figure class='gallery-item'>\n\t\t\t<div class='gallery-icon landscape'>\n\t\t\t\t<a href='https:\/\/arhiva.vilapalas.com\/en\/vrnjacka-banja\/vila-palas-vrnjacka-banja-09-2\/'><img loading=\"lazy\" decoding=\"async\" width=\"150\" height=\"150\" src=\"https:\/\/arhiva.vilapalas.com\/files\/2022\/12\/vila-palas-vrnjacka-banja-09-150x150.jpg\" class=\"attachment-thumbnail size-thumbnail\" alt=\"\" \/><\/a>\n\t\t\t<\/div><\/figure><figure class='gallery-item'>\n\t\t\t<div class='gallery-icon landscape'>\n\t\t\t\t<a href='https:\/\/arhiva.vilapalas.com\/en\/vrnjacka-banja\/vila-palas-vrnjacka-banja-08-2\/'><img loading=\"lazy\" decoding=\"async\" width=\"150\" height=\"150\" src=\"https:\/\/arhiva.vilapalas.com\/files\/2022\/12\/vila-palas-vrnjacka-banja-08-150x150.jpg\" class=\"attachment-thumbnail size-thumbnail\" alt=\"\" \/><\/a>\n\t\t\t<\/div><\/figure><figure class='gallery-item'>\n\t\t\t<div class='gallery-icon landscape'>\n\t\t\t\t<a href='https:\/\/arhiva.vilapalas.com\/en\/vrnjacka-banja\/vila-palas-vrnjacka-banja-07-2\/'><img loading=\"lazy\" decoding=\"async\" width=\"150\" height=\"150\" src=\"https:\/\/arhiva.vilapalas.com\/files\/2022\/12\/vila-palas-vrnjacka-banja-07-150x150.jpg\" class=\"attachment-thumbnail size-thumbnail\" alt=\"\" \/><\/a>\n\t\t\t<\/div><\/figure><figure class='gallery-item'>\n\t\t\t<div class='gallery-icon landscape'>\n\t\t\t\t<a href='https:\/\/arhiva.vilapalas.com\/en\/vrnjacka-banja\/vila-palas-vrnjacka-banja-06-2\/'><img loading=\"lazy\" decoding=\"async\" width=\"150\" height=\"150\" src=\"https:\/\/arhiva.vilapalas.com\/files\/2022\/12\/vila-palas-vrnjacka-banja-06-150x150.jpg\" class=\"attachment-thumbnail size-thumbnail\" alt=\"\" \/><\/a>\n\t\t\t<\/div><\/figure><figure class='gallery-item'>\n\t\t\t<div class='gallery-icon landscape'>\n\t\t\t\t<a href='https:\/\/arhiva.vilapalas.com\/en\/vrnjacka-banja\/vila-palas-vrnjacka-banja-05-2\/'><img loading=\"lazy\" decoding=\"async\" width=\"150\" height=\"150\" src=\"https:\/\/arhiva.vilapalas.com\/files\/2022\/12\/vila-palas-vrnjacka-banja-05-150x150.jpg\" class=\"attachment-thumbnail size-thumbnail\" alt=\"\" \/><\/a>\n\t\t\t<\/div><\/figure><figure class='gallery-item'>\n\t\t\t<div class='gallery-icon landscape'>\n\t\t\t\t<a href='https:\/\/arhiva.vilapalas.com\/en\/vrnjacka-banja\/vila-palas-vrnjacka-banja-04-2\/'><img loading=\"lazy\" decoding=\"async\" width=\"150\" height=\"150\" src=\"https:\/\/arhiva.vilapalas.com\/files\/2022\/12\/vila-palas-vrnjacka-banja-04-150x150.jpg\" class=\"attachment-thumbnail size-thumbnail\" alt=\"\" \/><\/a>\n\t\t\t<\/div><\/figure><figure class='gallery-item'>\n\t\t\t<div class='gallery-icon landscape'>\n\t\t\t\t<a href='https:\/\/arhiva.vilapalas.com\/en\/vrnjacka-banja\/vila-palas-vrnjacka-banja-03-3\/'><img loading=\"lazy\" decoding=\"async\" width=\"150\" height=\"150\" src=\"https:\/\/arhiva.vilapalas.com\/files\/2022\/12\/vila-palas-vrnjacka-banja-03-150x150.jpg\" class=\"attachment-thumbnail size-thumbnail\" alt=\"\" \/><\/a>\n\t\t\t<\/div><\/figure><figure class='gallery-item'>\n\t\t\t<div class='gallery-icon landscape'>\n\t\t\t\t<a href='https:\/\/arhiva.vilapalas.com\/en\/vrnjacka-banja\/vila-palas-vrnjacka-banja-02-2\/'><img loading=\"lazy\" decoding=\"async\" width=\"150\" height=\"150\" src=\"https:\/\/arhiva.vilapalas.com\/files\/2022\/12\/vila-palas-vrnjacka-banja-02-150x150.jpg\" class=\"attachment-thumbnail size-thumbnail\" alt=\"\" \/><\/a>\n\t\t\t<\/div><\/figure><figure class='gallery-item'>\n\t\t\t<div class='gallery-icon landscape'>\n\t\t\t\t<a href='https:\/\/arhiva.vilapalas.com\/en\/vrnjacka-banja\/vila-palas-vrnjacka-banja-01-2\/'><img loading=\"lazy\" decoding=\"async\" width=\"150\" height=\"150\" src=\"https:\/\/arhiva.vilapalas.com\/files\/2022\/12\/vila-palas-vrnjacka-banja-01-150x150.jpg\" class=\"attachment-thumbnail size-thumbnail\" alt=\"\" \/><\/a>\n\t\t\t<\/div><\/figure><figure class='gallery-item'>\n\t\t\t<div class='gallery-icon landscape'>\n\t\t\t\t<a href='https:\/\/arhiva.vilapalas.com\/en\/vila-palas-vrnjacka-banja-11-2\/'><img loading=\"lazy\" decoding=\"async\" width=\"150\" height=\"150\" src=\"https:\/\/arhiva.vilapalas.com\/files\/2022\/12\/vila-palas-vrnjacka-banja-11-150x150.jpg\" class=\"attachment-thumbnail size-thumbnail\" alt=\"\" \/><\/a>\n\t\t\t<\/div><\/figure><figure class='gallery-item'>\n\t\t\t<div class='gallery-icon landscape'>\n\t\t\t\t<a href='https:\/\/arhiva.vilapalas.com\/en\/vila-palas-vrnjacka-banja-12-3\/'><img loading=\"lazy\" decoding=\"async\" width=\"150\" height=\"150\" src=\"https:\/\/arhiva.vilapalas.com\/files\/2022\/12\/vila-palas-vrnjacka-banja-12-150x150.jpg\" class=\"attachment-thumbnail size-thumbnail\" alt=\"\" \/><\/a>\n\t\t\t<\/div><\/figure>\n\t\t<\/div>\n\n<div class=\"jas-container section-photo\">\n<div class=\"jas-row\">\n<div class=\"jas-col-md-6 jas-col-sm-6 jas-col-xs-12 flex\">\n<div class=\"align-self-center\">\n<div class=\"naslov-g\">\n<h2>What to visit in<\/h2>\n<h3>Vrnja\u010dka Banja<\/h3>\n<\/div>\n<p>The central place in the life of Vrnja\u010dka Banja belongs to the Promenade, a beautiful spa promenade along one side of the Vrnja\u010dka River, while on the other side there are cafes, restaurants, shops and much more that can attract the attention of walkers. There is also a cinema on the Promenade, as well as the &#8220;Dr Du\u0161an Radi\u0107&#8221; city library, in front of which there is the Culture square, as a place for various cultural and entertainment events. The Promenade is very popular with both local and foreign tourists, who want to relax and rest.<\/p>\n<p>An unmissable place for taking photos is Vrabac Go\u010dko, a sparrow monument, mascot, and symbol of the city with a cute traditional Serbian hat &#8220;\u0161ajka\u010da&#8221; on its head.<\/p>\n<p>A carriage is waiting for you at the Bridge of Love, from where a romantic ride through the park begins, between linden trees and wild chestnuts, right next to the Vrnja\u010dka river.<\/p>\n<p>You can observe the beauty of Vrnja\u010dka Banja and its surroundings from a slightly different angle, from the magnificent observation wheel, the largest in the Balkans, with a height of 50 meters and 32 air-conditioned cabins.<\/p>\n<p>The ideal place for a family afternoon is the Zoo garden Vrnjci, where your children will have a great time. There is also an exciting Adventure Park. <\/p>\n<p>If you are a fan of festivals, you can visit: Lovefest, Film Screenplay Festival, ZUM Festival, International Festival of Classical Chamber Music. There is also the well-known International Vrnja\u010dki Carnival.<\/p>\n<p>And finally, let us recommend the RAJ Aqua park, the largest water park in Vrnja\u010dka Banja, which provides unforgettable summer fun for the youngest and adults.<\/p>\n<\/div>\n<\/div>\n<div class=\"jas-col-md-6 jas-col-sm-6 jas-col-xs-12 flex\">\n<div class=\"align-self-center\">\n<img decoding=\"async\" src=\"https:\/\/vilapalas.com\/files\/2023\/02\/vila-palas-vrnjacka-banja-12.jpg\" alt=\"Vila Palas\"><\/p>\n<\/div>\n<\/div>\n<\/div>\n<\/div>\n<div class=\"mla-big-section-1\">\n<div class=\"mla-big-section-inner-1\">\n<p><h4>Stay up to date with events and events in Vrnja\u010dka Banja<\/h4>\n<\/p>\n<p><a href=\"https:\/\/vrnjackabanja.co.rs\/en\/dogadjaji\/\" class=\"mla-button-s\">READ MORE<\/a>\n<\/div>\n<\/div>\n","protected":false},"excerpt":{"rendered":"<p>Vrnja\u010dka Banja VRNJA\u010cKA BANJA Known far and wide for its beauty, Vrnja\u010dka Banja, the queen of Serbian tourism, is located in the hilly areas of central Serbia, more precisely on the slopes of Mount Go\u010d, which hugs it on three sides: south, west and east. In the first half of the 19th century, Milo\u0161 Obrenovi\u0107, [&hellip;]<\/p>\n","protected":false},"author":1,"featured_media":687,"parent":0,"menu_order":0,"comment_status":"closed","ping_status":"closed","template":"page-full.php","meta":{"footnotes":""},"class_list":["post-753","page","type-page","status-publish","has-post-thumbnail","hentry"],"acf":[],"_links":{"self":[{"href":"https:\/\/arhiva.vilapalas.com\/en\/wp-json\/wp\/v2\/pages\/753","targetHints":{"allow":["GET"]}}],"collection":[{"href":"https:\/\/arhiva.vilapalas.com\/en\/wp-json\/wp\/v2\/pages"}],"about":[{"href":"https:\/\/arhiva.vilapalas.com\/en\/wp-json\/wp\/v2\/types\/page"}],"author":[{"embeddable":true,"href":"https:\/\/arhiva.vilapalas.com\/en\/wp-json\/wp\/v2\/users\/1"}],"replies":[{"embeddable":true,"href":"https:\/\/arhiva.vilapalas.com\/en\/wp-json\/wp\/v2\/comments?post=753"}],"version-history":[{"count":6,"href":"https:\/\/arhiva.vilapalas.com\/en\/wp-json\/wp\/v2\/pages\/753\/revisions"}],"predecessor-version":[{"id":1041,"href":"https:\/\/arhiva.vilapalas.com\/en\/wp-json\/wp\/v2\/pages\/753\/revisions\/1041"}],"wp:featuredmedia":[{"embeddable":true,"href":"https:\/\/arhiva.vilapalas.com\/en\/wp-json\/wp\/v2\/media\/687"}],"wp:attachment":[{"href":"https:\/\/arhiva.vilapalas.com\/en\/wp-json\/wp\/v2\/media?parent=753"}],"curies":[{"name":"wp","href":"https:\/\/api.w.org\/{rel}","templated":true}]}}